{"id":53,"date":"2022-09-09T12:30:54","date_gmt":"2022-09-09T12:30:54","guid":{"rendered":"https:\/\/gpvizsga.hu\/?page_id=53"},"modified":"2022-09-10T07:54:48","modified_gmt":"2022-09-10T07:54:48","slug":"kapcsolat","status":"publish","type":"page","link":"https:\/\/gpvizsga.hu\/?page_id=53","title":{"rendered":"Kapcsolat"},"content":{"rendered":"\t\t<div data-elementor-type=\"wp-page\" data-elementor-id=\"53\" class=\"elementor elementor-53\">\n\t\t\t\t\t\t\t\t\t<section class=\"elementor-section elementor-top-section elementor-element elementor-element-a9566d0 elementor-section-boxed elementor-section-height-default elementor-section-height-default\" data-id=\"a9566d0\" data-element_type=\"section\">\n\t\t\t\t\t\t<div class=\"elementor-container elementor-column-gap-default\">\n\t\t\t\t\t<div class=\"elementor-column elementor-col-100 elementor-top-column elementor-element elementor-element-af26a8b\" data-id=\"af26a8b\" data-element_type=\"column\">\n\t\t\t<div class=\"elementor-widget-wrap elementor-element-populated\">\n\t\t\t\t\t\t\t\t<div class=\"elementor-element elementor-element-c6c2cfd elementor-widget elementor-widget-text-editor\" data-id=\"c6c2cfd\" data-element_type=\"widget\" data-widget_type=\"text-editor.default\">\n\t\t\t\t<div class=\"elementor-widget-container\">\n\t\t\t<style>\/*! elementor - v3.7.4 - 31-08-2022 *\/\n.elementor-widget-text-editor.elementor-drop-cap-view-stacked .elementor-drop-cap{background-color:#818a91;color:#fff}.elementor-widget-text-editor.elementor-drop-cap-view-framed .elementor-drop-cap{color:#818a91;border:3px solid;background-color:transparent}.elementor-widget-text-editor:not(.elementor-drop-cap-view-default) .elementor-drop-cap{margin-top:8px}.elementor-widget-text-editor:not(.elementor-drop-cap-view-default) .elementor-drop-cap-letter{width:1em;height:1em}.elementor-widget-text-editor .elementor-drop-cap{float:left;text-align:center;line-height:1;font-size:50px}.elementor-widget-text-editor .elementor-drop-cap-letter{display:inline-block}<\/style>\t\t\t\t<p>Telefon:&nbsp;<br>+36706785853<\/p>\n<p>C\u00edm:&nbsp;<br><span style=\"font-size: 16px; color: var( --e-global-color-text );\">2330 Dunaharaszti, B\u00e1nki Don\u00e1t u. 8.<\/span><\/p>\n<p><span style=\"font-size: 16px; color: var( --e-global-color-text );\">Nyitvatart\u00e1s:<br>H\u00e9tf\u0151-p\u00e9ntek: 6-22h -ig<br>Szombat-vas\u00e1rnap: z\u00e1rva<\/span><\/p>\n<p><span style=\"font-size: 16px;\">e-mai:&nbsp;<\/span><a href=\"mailto:gpteamkft@gmail.com\" target=\"_blank\" style=\"font-style: normal; font-weight: 400; color: rgb(17, 85, 204); font-family: Arial, Helvetica, sans-serif; font-size: small;\">gpteamkft@gmail.com<\/a><\/p>\t\t\t\t\t\t<\/div>\n\t\t\t\t<\/div>\n\t\t\t\t<div class=\"elementor-element elementor-element-c35e991 elementor-widget elementor-widget-google_maps\" data-id=\"c35e991\" data-element_type=\"widget\" data-widget_type=\"google_maps.default\">\n\t\t\t\t<div class=\"elementor-widget-container\">\n\t\t\t<style>\/*! elementor - v3.7.4 - 31-08-2022 *\/\n.elementor-widget-google_maps .elementor-widget-container{overflow:hidden}.elementor-widget-google_maps iframe{height:300px}<\/style>\t\t<div class=\"elementor-custom-embed\">\n\t\t\t<iframe frameborder=\"0\" scrolling=\"no\" marginheight=\"0\" marginwidth=\"0\"\n\t\t\t\t\tsrc=\"https:\/\/maps.google.com\/maps?q=%20%20GP%20Aut%C3%B3%20Invest%20Team%20Kft.&#038;t=m&#038;z=15&#038;output=embed&#038;iwloc=near\"\n\t\t\t\t\ttitle=\"  GP Aut\u00f3 Invest Team Kft.\"\n\t\t\t\t\taria-label=\"  GP Aut\u00f3 Invest Team Kft.\"\n\t\t\t><\/iframe>\n\t\t<\/div>\n\t\t\t\t<\/div>\n\t\t\t\t<\/div>\n\t\t\t\t\t<\/div>\n\t\t<\/div>\n\t\t\t\t\t\t\t<\/div>\n\t\t<\/section>\n\t\t\t\t\t\t\t<\/div>\n\t\t","protected":false},"excerpt":{"rendered":"<p>Telefon:&nbsp;+36706785853 C\u00edm:&nbsp;2330 Dunaharaszti, B\u00e1nki Don\u00e1t u. 8. Nyitvatart\u00e1s:H\u00e9tf\u0151-p\u00e9ntek: 6-22h -igSzombat-vas\u00e1rnap: z\u00e1rva e-mai:&nbsp;gpteamkft@gmail.com<\/p>\n","protected":false},"author":1,"featured_media":0,"parent":0,"menu_order":0,"comment_status":"closed","ping_status":"open","template":"","meta":{"footnotes":""},"class_list":["post-53","page","type-page","status-publish","hentry"],"yoast_head":"<!-- This site is optimized with the Yoast SEO plugin v25.7 - https:\/\/yoast.com\/wordpress\/plugins\/seo\/ -->\n<title>Kapcsolat - GP Vizsga<\/title>\n<meta name=\"robots\" content=\"index, follow, max-snippet:-1, max-image-preview:large, max-video-preview:-1\" \/>\n<link rel=\"canonical\" href=\"https:\/\/gpvizsga.hu\/?page_id=53\" \/>\n<meta property=\"og:locale\" content=\"hu_HU\" \/>\n<meta property=\"og:type\" content=\"article\" \/>\n<meta property=\"og:title\" content=\"Kapcsolat - GP Vizsga\" \/>\n<meta property=\"og:description\" content=\"Telefon:&nbsp;+36706785853 C\u00edm:&nbsp;2330 Dunaharaszti, B\u00e1nki Don\u00e1t u. 8. Nyitvatart\u00e1s:H\u00e9tf\u0151-p\u00e9ntek: 6-22h -igSzombat-vas\u00e1rnap: z\u00e1rva e-mai:&nbsp;gpteamkft@gmail.com\" \/>\n<meta property=\"og:url\" content=\"https:\/\/gpvizsga.hu\/?page_id=53\" \/>\n<meta property=\"og:site_name\" content=\"GP Vizsga\" \/>\n<meta property=\"article:modified_time\" content=\"2022-09-10T07:54:48+00:00\" \/>\n<meta name=\"twitter:card\" content=\"summary_large_image\" \/>\n<script type=\"application\/ld+json\" class=\"yoast-schema-graph\">{\"@context\":\"https:\/\/schema.org\",\"@graph\":[{\"@type\":\"WebPage\",\"@id\":\"https:\/\/gpvizsga.hu\/?page_id=53\",\"url\":\"https:\/\/gpvizsga.hu\/?page_id=53\",\"name\":\"Kapcsolat - GP Vizsga\",\"isPartOf\":{\"@id\":\"https:\/\/gpvizsga.hu\/#website\"},\"datePublished\":\"2022-09-09T12:30:54+00:00\",\"dateModified\":\"2022-09-10T07:54:48+00:00\",\"breadcrumb\":{\"@id\":\"https:\/\/gpvizsga.hu\/?page_id=53#breadcrumb\"},\"inLanguage\":\"hu\",\"potentialAction\":[{\"@type\":\"ReadAction\",\"target\":[\"https:\/\/gpvizsga.hu\/?page_id=53\"]}]},{\"@type\":\"BreadcrumbList\",\"@id\":\"https:\/\/gpvizsga.hu\/?page_id=53#breadcrumb\",\"itemListElement\":[{\"@type\":\"ListItem\",\"position\":1,\"name\":\"Home\",\"item\":\"https:\/\/gpvizsga.hu\/\"},{\"@type\":\"ListItem\",\"position\":2,\"name\":\"Kapcsolat\"}]},{\"@type\":\"WebSite\",\"@id\":\"https:\/\/gpvizsga.hu\/#website\",\"url\":\"https:\/\/gpvizsga.hu\/\",\"name\":\"GP Vizsga\",\"description\":\"GP vizsgab\u00e1zis oldala\",\"potentialAction\":[{\"@type\":\"SearchAction\",\"target\":{\"@type\":\"EntryPoint\",\"urlTemplate\":\"https:\/\/gpvizsga.hu\/?s={search_term_string}\"},\"query-input\":{\"@type\":\"PropertyValueSpecification\",\"valueRequired\":true,\"valueName\":\"search_term_string\"}}],\"inLanguage\":\"hu\"}]}<\/script>\n<!-- \/ Yoast SEO plugin. -->","yoast_head_json":{"title":"Kapcsolat - GP Vizsga","robots":{"index":"index","follow":"follow","max-snippet":"max-snippet:-1","max-image-preview":"max-image-preview:large","max-video-preview":"max-video-preview:-1"},"canonical":"https:\/\/gpvizsga.hu\/?page_id=53","og_locale":"hu_HU","og_type":"article","og_title":"Kapcsolat - GP Vizsga","og_description":"Telefon:&nbsp;+36706785853 C\u00edm:&nbsp;2330 Dunaharaszti, B\u00e1nki Don\u00e1t u. 8. Nyitvatart\u00e1s:H\u00e9tf\u0151-p\u00e9ntek: 6-22h -igSzombat-vas\u00e1rnap: z\u00e1rva e-mai:&nbsp;gpteamkft@gmail.com","og_url":"https:\/\/gpvizsga.hu\/?page_id=53","og_site_name":"GP Vizsga","article_modified_time":"2022-09-10T07:54:48+00:00","twitter_card":"summary_large_image","schema":{"@context":"https:\/\/schema.org","@graph":[{"@type":"WebPage","@id":"https:\/\/gpvizsga.hu\/?page_id=53","url":"https:\/\/gpvizsga.hu\/?page_id=53","name":"Kapcsolat - GP Vizsga","isPartOf":{"@id":"https:\/\/gpvizsga.hu\/#website"},"datePublished":"2022-09-09T12:30:54+00:00","dateModified":"2022-09-10T07:54:48+00:00","breadcrumb":{"@id":"https:\/\/gpvizsga.hu\/?page_id=53#breadcrumb"},"inLanguage":"hu","potentialAction":[{"@type":"ReadAction","target":["https:\/\/gpvizsga.hu\/?page_id=53"]}]},{"@type":"BreadcrumbList","@id":"https:\/\/gpvizsga.hu\/?page_id=53#breadcrumb","itemListElement":[{"@type":"ListItem","position":1,"name":"Home","item":"https:\/\/gpvizsga.hu\/"},{"@type":"ListItem","position":2,"name":"Kapcsolat"}]},{"@type":"WebSite","@id":"https:\/\/gpvizsga.hu\/#website","url":"https:\/\/gpvizsga.hu\/","name":"GP Vizsga","description":"GP vizsgab\u00e1zis oldala","potentialAction":[{"@type":"SearchAction","target":{"@type":"EntryPoint","urlTemplate":"https:\/\/gpvizsga.hu\/?s={search_term_string}"},"query-input":{"@type":"PropertyValueSpecification","valueRequired":true,"valueName":"search_term_string"}}],"inLanguage":"hu"}]}},"_links":{"self":[{"href":"https:\/\/gpvizsga.hu\/index.php?rest_route=\/wp\/v2\/pages\/53","targetHints":{"allow":["GET"]}}],"collection":[{"href":"https:\/\/gpvizsga.hu\/index.php?rest_route=\/wp\/v2\/pages"}],"about":[{"href":"https:\/\/gpvizsga.hu\/index.php?rest_route=\/wp\/v2\/types\/page"}],"author":[{"embeddable":true,"href":"https:\/\/gpvizsga.hu\/index.php?rest_route=\/wp\/v2\/users\/1"}],"replies":[{"embeddable":true,"href":"https:\/\/gpvizsga.hu\/index.php?rest_route=%2Fwp%2Fv2%2Fcomments&post=53"}],"version-history":[{"count":20,"href":"https:\/\/gpvizsga.hu\/index.php?rest_route=\/wp\/v2\/pages\/53\/revisions"}],"predecessor-version":[{"id":97,"href":"https:\/\/gpvizsga.hu\/index.php?rest_route=\/wp\/v2\/pages\/53\/revisions\/97"}],"wp:attachment":[{"href":"https:\/\/gpvizsga.hu\/index.php?rest_route=%2Fwp%2Fv2%2Fmedia&parent=53"}],"curies":[{"name":"wp","href":"https:\/\/api.w.org\/{rel}","templated":true}]}}